{"id":1067,"date":"2015-08-20T09:37:21","date_gmt":"2015-08-20T08:37:21","guid":{"rendered":"https:\/\/deletselschaderaad.nl\/letselschadebranche\/richtlijnen\/"},"modified":"2026-02-09T17:02:39","modified_gmt":"2026-02-09T16:02:39","slug":"richtlijnen","status":"publish","type":"page","link":"https:\/\/deletselschaderaad.nl\/letselschadebranche\/richtlijnen\/","title":{"rendered":"Richtlijnen"},"content":{"rendered":"<p>In sommige Richtlijnen staan normbedragen. Andere voorzien in een manier om schade te berekenen. De Letselschade Raad (meer specifiek de Permanente Commissie Normering) ontwikkelt, evalueert en beheert de Richtlijnen met als doel:<\/p>\n<ul>\n<li>Discussie\u00a0te voorkomen, zodat zaken sneller kunnen worden geregeld.<\/li>\n<li>Gelijke gevallen gelijk te behandelen.<\/li>\n<\/ul>\n<p><strong><span style=\"color: #ff6600\">Breed draagvlak<\/span><br \/>\n<\/strong>In de Permanente Commissie Normering zitten vakspecialisten van de organisaties uit het Platformoverleg. De leden van de commissie evalueren de bestaande richtlijnen en adviseren het Platformoverleg over eventuele aanpassingen. Bij de ontwikkeling van nieuwe richtlijnen stemmen de commissieleden af met de eigen achterbannen om draagvlak te verzekeren.<\/p>\n<p>Meer over de Permanente Commissie Normering, leest u <a href=\"https:\/\/deletselschaderaad.nl\/activiteit\/werkgroep-normering\/\" target=\"_blank\" rel=\"noopener\">hier<\/a><\/p>\n<p><span style=\"color: #ff6600\"><strong>Algemene bindende werking<\/strong><\/span><br \/>\nDe Richtlijnen hebben in beginsel een algemene werking en zijn toereikend voor de overgrote meerderheid van de letselschadezaken.<\/p>\n<p><span style=\"color: #ff6600\"><strong>Concrete schadeberekening<\/strong><\/span><br \/>\nBenadrukt dient te worden dat de Richtlijnen niet zaligmakend zijn: soms doet toepassing van een Richtlijn geen recht aan de schade of risico\u2019s van iemand met letselschade. In dat geval kan een\u00a0<u>concrete\u00a0schadeberekening<\/u> worden gemaakt. Uiteraard dient die concrete schade wel onderbouwd te worden.<\/p>\n<p><span style=\"color: #ff6600\"><strong>Andere hulpmiddelen<\/strong><\/span><br \/>\nNaast de Richtlijnen kent De Letselschade Raad ook andere hulpmiddelen voor de behandeling van letselschade, zoals een Aanbeveling of Leidraad. Deze worden ontwikkeld, ge\u00ebvalueerd en beheerd door diverse werkgroepen waarin alle belanghebbende professionals vanuit De Letselschade Raad vertegenwoordigd zijn.<br \/>\nEen belangrijk verschil tussen deze hulpmiddelen en de Richtlijnen is, dat deze andere hulpmiddelen g\u00e9\u00e9n bindende werking hebben, welke juist w\u00e9l kenmerkend is voor een Richtlijn. Het staat partijen vrij deze te volgen, maar ze zijn er niet toe verplicht. Ze bieden handvatten en beogen partijen van nut te zijn bij de schaderegeling, maar staan maatwerk niet in de weg.<\/p>\n<p><strong>Voorbeelden<\/strong> van voornoemde hulpmiddelen zijn:<\/p>\n<ul>\n<li><a href=\"https:\/\/deletselschaderaad.nl\/activiteit\/aanbeveling-werken-met-een-medisch-adviseur\/\" target=\"_blank\" rel=\"noopener\">Aanbeveling Werken met \u00e9\u00e9n Medisch Adviseur\u00a0<\/a><\/li>\n<li><a href=\"https:\/\/deletselschaderaad.nl\/activiteit\/gedragscode-behandeling-beroepsziekten\/\" target=\"_blank\" rel=\"noopener\">Leidraad Afwikkeling Beroepsziektezaken<\/a><\/li>\n<li><a href=\"https:\/\/deletselschaderaad.nl\/app\/uploads\/Letselschade-aanbeveling-zorgschade-financiele-paragraaf2026-voor-site-080126.pdf\" target=\"_blank\" rel=\"noopener\">Aanbeveling Zorgschade<\/a><\/li>\n<li><a href=\"https:\/\/deletselschaderaad.nl\/richtlijnen\/aanbeveling-vaststellingsovereenkomst\/\" target=\"_blank\" rel=\"noopener\">Aanbeveling Model Vaststellingsovereenkomsten<\/a><\/li>\n<\/ul>\n<p>Voor iedere Richtlijn is een aparte pagina op onze website met uitleg over de specifieke Richtlijn.\u00a0 Wij verwijzen u naar deze pagina&#8217;s, zie de links aan de rechterzijde van deze pagina.<\/p>\n<p>In de Richtlijnen van DLR worden diverse termen gebruikt voor de\u00a0 term slachtoffer, zoals benadeelde, betrokkene, belanghebbende of gedupeerde.<\/p>\n","protected":false},"excerpt":{"rendered":"<p>In sommige Richtlijnen staan normbedragen. Andere voorzien in een manier om schade te berekenen. De Letselschade Raad (meer specifiek de Permanente Commissie Normering) ontwikkelt, evalueert en beheert de Richtlijnen met als doel: Discussie\u00a0te voorkomen, zodat zaken sneller kunnen worden geregeld. Gelijke gevallen gelijk te behandelen. Breed draagvlak In de Permanente Commissie Normering zitten vakspecialisten van [&hellip;]<\/p>\n","protected":false},"author":289,"featured_media":0,"parent":0,"menu_order":0,"comment_status":"closed","ping_status":"closed","template":"","meta":{"_acf_changed":false,"footnotes":""},"class_list":["post-1067","page","type-page","status-publish","hentry"],"acf":[],"yoast_head":"<!-- This site is optimized with the Yoast SEO plugin v27.3 - https:\/\/yoast.com\/product\/yoast-seo-wordpress\/ -->\n<title>Richtlijnen - De Letselschade Raad Letselschadebranche<\/title>\n<meta name=\"robots\" content=\"index, follow, max-snippet:-1, max-image-preview:large, max-video-preview:-1\" \/>\n<link rel=\"canonical\" href=\"https:\/\/deletselschaderaad.nl\/letselschadebranche\/richtlijnen\/\" \/>\n<meta property=\"og:locale\" content=\"nl_NL\" \/>\n<meta property=\"og:type\" content=\"article\" \/>\n<meta property=\"og:title\" content=\"Richtlijnen - De Letselschade Raad Letselschadebranche\" \/>\n<meta property=\"og:description\" content=\"In sommige Richtlijnen staan normbedragen. Andere voorzien in een manier om schade te berekenen. De Letselschade Raad (meer specifiek de Permanente Commissie Normering) ontwikkelt, evalueert en beheert de Richtlijnen met als doel: Discussie\u00a0te voorkomen, zodat zaken sneller kunnen worden geregeld. Gelijke gevallen gelijk te behandelen. Breed draagvlak In de Permanente Commissie Normering zitten vakspecialisten van [&hellip;]\" \/>\n<meta property=\"og:url\" content=\"https:\/\/deletselschaderaad.nl\/letselschadebranche\/richtlijnen\/\" \/>\n<meta property=\"og:site_name\" content=\"De Letselschade Raad Letselschadebranche\" \/>\n<meta property=\"article:modified_time\" content=\"2026-02-09T16:02:39+00:00\" \/>\n<meta name=\"twitter:label1\" content=\"Geschatte leestijd\" \/>\n\t<meta name=\"twitter:data1\" content=\"2 minuten\" \/>\n<script type=\"application\/ld+json\" class=\"yoast-schema-graph\">{\"@context\":\"https:\\\/\\\/schema.org\",\"@graph\":[{\"@type\":\"WebPage\",\"@id\":\"https:\\\/\\\/deletselschaderaad.nl\\\/letselschadebranche\\\/richtlijnen\\\/\",\"url\":\"https:\\\/\\\/deletselschaderaad.nl\\\/letselschadebranche\\\/richtlijnen\\\/\",\"name\":\"Richtlijnen - De Letselschade Raad Letselschadebranche\",\"isPartOf\":{\"@id\":\"https:\\\/\\\/deletselschaderaad.nl\\\/letselschadebranche\\\/#website\"},\"datePublished\":\"2015-08-20T08:37:21+00:00\",\"dateModified\":\"2026-02-09T16:02:39+00:00\",\"breadcrumb\":{\"@id\":\"https:\\\/\\\/deletselschaderaad.nl\\\/letselschadebranche\\\/richtlijnen\\\/#breadcrumb\"},\"inLanguage\":\"nl-NL\",\"potentialAction\":[{\"@type\":\"ReadAction\",\"target\":[\"https:\\\/\\\/deletselschaderaad.nl\\\/letselschadebranche\\\/richtlijnen\\\/\"]}]},{\"@type\":\"BreadcrumbList\",\"@id\":\"https:\\\/\\\/deletselschaderaad.nl\\\/letselschadebranche\\\/richtlijnen\\\/#breadcrumb\",\"itemListElement\":[{\"@type\":\"ListItem\",\"position\":1,\"name\":\"Startpagina\",\"item\":\"https:\\\/\\\/deletselschaderaad.nl\\\/letselschadebranche\\\/\"},{\"@type\":\"ListItem\",\"position\":2,\"name\":\"Richtlijnen\"}]},{\"@type\":\"WebSite\",\"@id\":\"https:\\\/\\\/deletselschaderaad.nl\\\/letselschadebranche\\\/#website\",\"url\":\"https:\\\/\\\/deletselschaderaad.nl\\\/letselschadebranche\\\/\",\"name\":\"De Letselschade Raad Letselschadebranche\",\"description\":\"\",\"potentialAction\":[{\"@type\":\"SearchAction\",\"target\":{\"@type\":\"EntryPoint\",\"urlTemplate\":\"https:\\\/\\\/deletselschaderaad.nl\\\/letselschadebranche\\\/?s={search_term_string}\"},\"query-input\":{\"@type\":\"PropertyValueSpecification\",\"valueRequired\":true,\"valueName\":\"search_term_string\"}}],\"inLanguage\":\"nl-NL\"}]}<\/script>\n<!-- \/ Yoast SEO plugin. -->","yoast_head_json":{"title":"Richtlijnen - De Letselschade Raad Letselschadebranche","robots":{"index":"index","follow":"follow","max-snippet":"max-snippet:-1","max-image-preview":"max-image-preview:large","max-video-preview":"max-video-preview:-1"},"canonical":"https:\/\/deletselschaderaad.nl\/letselschadebranche\/richtlijnen\/","og_locale":"nl_NL","og_type":"article","og_title":"Richtlijnen - De Letselschade Raad Letselschadebranche","og_description":"In sommige Richtlijnen staan normbedragen. Andere voorzien in een manier om schade te berekenen. De Letselschade Raad (meer specifiek de Permanente Commissie Normering) ontwikkelt, evalueert en beheert de Richtlijnen met als doel: Discussie\u00a0te voorkomen, zodat zaken sneller kunnen worden geregeld. Gelijke gevallen gelijk te behandelen. Breed draagvlak In de Permanente Commissie Normering zitten vakspecialisten van [&hellip;]","og_url":"https:\/\/deletselschaderaad.nl\/letselschadebranche\/richtlijnen\/","og_site_name":"De Letselschade Raad Letselschadebranche","article_modified_time":"2026-02-09T16:02:39+00:00","twitter_misc":{"Geschatte leestijd":"2 minuten"},"schema":{"@context":"https:\/\/schema.org","@graph":[{"@type":"WebPage","@id":"https:\/\/deletselschaderaad.nl\/letselschadebranche\/richtlijnen\/","url":"https:\/\/deletselschaderaad.nl\/letselschadebranche\/richtlijnen\/","name":"Richtlijnen - De Letselschade Raad Letselschadebranche","isPartOf":{"@id":"https:\/\/deletselschaderaad.nl\/letselschadebranche\/#website"},"datePublished":"2015-08-20T08:37:21+00:00","dateModified":"2026-02-09T16:02:39+00:00","breadcrumb":{"@id":"https:\/\/deletselschaderaad.nl\/letselschadebranche\/richtlijnen\/#breadcrumb"},"inLanguage":"nl-NL","potentialAction":[{"@type":"ReadAction","target":["https:\/\/deletselschaderaad.nl\/letselschadebranche\/richtlijnen\/"]}]},{"@type":"BreadcrumbList","@id":"https:\/\/deletselschaderaad.nl\/letselschadebranche\/richtlijnen\/#breadcrumb","itemListElement":[{"@type":"ListItem","position":1,"name":"Startpagina","item":"https:\/\/deletselschaderaad.nl\/letselschadebranche\/"},{"@type":"ListItem","position":2,"name":"Richtlijnen"}]},{"@type":"WebSite","@id":"https:\/\/deletselschaderaad.nl\/letselschadebranche\/#website","url":"https:\/\/deletselschaderaad.nl\/letselschadebranche\/","name":"De Letselschade Raad Letselschadebranche","description":"","potentialAction":[{"@type":"SearchAction","target":{"@type":"EntryPoint","urlTemplate":"https:\/\/deletselschaderaad.nl\/letselschadebranche\/?s={search_term_string}"},"query-input":{"@type":"PropertyValueSpecification","valueRequired":true,"valueName":"search_term_string"}}],"inLanguage":"nl-NL"}]}},"_links":{"self":[{"href":"https:\/\/deletselschaderaad.nl\/letselschadebranche\/wp-json\/wp\/v2\/pages\/1067","targetHints":{"allow":["GET"]}}],"collection":[{"href":"https:\/\/deletselschaderaad.nl\/letselschadebranche\/wp-json\/wp\/v2\/pages"}],"about":[{"href":"https:\/\/deletselschaderaad.nl\/letselschadebranche\/wp-json\/wp\/v2\/types\/page"}],"author":[{"embeddable":true,"href":"https:\/\/deletselschaderaad.nl\/letselschadebranche\/wp-json\/wp\/v2\/users\/289"}],"replies":[{"embeddable":true,"href":"https:\/\/deletselschaderaad.nl\/letselschadebranche\/wp-json\/wp\/v2\/comments?post=1067"}],"version-history":[{"count":4,"href":"https:\/\/deletselschaderaad.nl\/letselschadebranche\/wp-json\/wp\/v2\/pages\/1067\/revisions"}],"predecessor-version":[{"id":2465,"href":"https:\/\/deletselschaderaad.nl\/letselschadebranche\/wp-json\/wp\/v2\/pages\/1067\/revisions\/2465"}],"wp:attachment":[{"href":"https:\/\/deletselschaderaad.nl\/letselschadebranche\/wp-json\/wp\/v2\/media?parent=1067"}],"curies":[{"name":"wp","href":"https:\/\/api.w.org\/{rel}","templated":true}]}}